{"id":15776,"date":"2020-11-24T14:34:50","date_gmt":"2020-11-24T19:34:50","guid":{"rendered":"https:\/\/stg-httpswwwduboischemicalscom-staging.kinsta.cloud\/\/service-support\/customer-service\/"},"modified":"2021-02-17T05:12:41","modified_gmt":"2021-02-17T10:12:41","slug":"customer-service","status":"publish","type":"page","link":"https:\/\/stg-httpswwwduboischemicalscom-staging.kinsta.cloud\/fr\/service-support\/customer-service\/","title":{"rendered":"Service \u00e0 la client\u00e8le"},"content":{"rendered":"<h2>Un engagement \u00e0 fournir le meilleur service possible aux clients<\/h2>\n<p>Le centre de service \u00e0 la client\u00e8le de DuBois s&rsquo;engage \u00e0 fournir les plus hauts niveaux de service \u00e0 votre entreprise. Que vous passiez une commande, demandiez des informations sur un produit ou essayiez de communiquer avec l&rsquo;un de nos experts en applications, nous vous \u00e9couterons, r\u00e9pondrons \u00e0 vos besoins et nous efforcerons d&rsquo;anticiper les exigences futures. Quelle que soit la taille de la demande ou la complexit\u00e9 du probl\u00e8me, nous ferons tout notre possible pour vous fournir une r\u00e9ponse d&rsquo;excellence.<\/p>\n<p>DuBois s&rsquo;occupera rapidement de ce qui compte le plus pour vous et vous fournira des solutions intelligentes et efficaces. Notre recherche commune de l&rsquo;excellence motive tout ce que nous faisons d\u00e8s le d\u00e9but de notre partenariat.<\/p>\n<p>L&rsquo;engagement de DuBois en mati\u00e8re de livraison de valeur comprend ce qui suit\u00a0:<\/p>\n<ul>\n<li>Une communication proactive et fr\u00e9quente pour r\u00e9pondre \u00e0 vos besoins et \u00e0 vos attentes<\/li>\n<li>La responsabilit\u00e9 individuelle et collective et l\u2019obligation de rendre compte<\/li>\n<li>Une culture d&rsquo;am\u00e9lioration continue<\/li>\n<\/ul>\n<p><a href=\"http:\/\/stg-httpswwwduboischemicalscom-staging.kinsta.cloud\/\/contact-us\/\">Contactez DuBois d\u00e8s aujourd&rsquo;hui pour tous vos besoins en mati\u00e8re de services et de soutien.<\/a><\/p>\n","protected":false},"excerpt":{"rendered":"<p>Un engagement \u00e0 fournir le meilleur service possible aux clients Le centre de service \u00e0 la client\u00e8le de DuBois s&rsquo;engage \u00e0 fournir les plus hauts niveaux de service \u00e0 votre entreprise. Que vous passiez une&#8230;<\/p>\n","protected":false},"author":220,"featured_media":0,"parent":15775,"menu_order":1,"comment_status":"closed","ping_status":"closed","template":"","meta":{"_acf_changed":false,"footnotes":""},"class_list":["post-15776","page","type-page","status-publish","hentry"],"acf":[],"yoast_head":"<!-- This site is optimized with the Yoast SEO plugin v26.8 - https:\/\/yoast.com\/product\/yoast-seo-wordpress\/ -->\n<title>Service \u00e0 la client\u00e8le - DuBois Chemicals<\/title>\n<meta name=\"robots\" content=\"noindex, follow, max-snippet:-1, max-image-preview:large, max-video-preview:-1\" \/>\n<meta property=\"og:locale\" content=\"fr_FR\" \/>\n<meta property=\"og:type\" content=\"article\" \/>\n<meta property=\"og:title\" content=\"Service \u00e0 la client\u00e8le - DuBois Chemicals\" \/>\n<meta property=\"og:description\" content=\"Un engagement \u00e0 fournir le meilleur service possible aux clients Le centre de service \u00e0 la client\u00e8le de DuBois s&rsquo;engage \u00e0 fournir les plus hauts niveaux de service \u00e0 votre entreprise. Que vous passiez une...\" \/>\n<meta property=\"og:url\" content=\"https:\/\/stg-httpswwwduboischemicalscom-staging.kinsta.cloud\/fr\/service-support\/customer-service\/\" \/>\n<meta property=\"og:site_name\" content=\"DuBois Chemicals\" \/>\n<meta property=\"article:modified_time\" content=\"2021-02-17T10:12:41+00:00\" \/>\n<meta name=\"twitter:card\" content=\"summary_large_image\" \/>\n<meta name=\"twitter:label1\" content=\"Dur\u00e9e de lecture estim\u00e9e\" \/>\n\t<meta name=\"twitter:data1\" content=\"1 minute\" \/>\n<script type=\"application\/ld+json\" class=\"yoast-schema-graph\">{\"@context\":\"https:\/\/schema.org\",\"@graph\":[{\"@type\":\"WebPage\",\"@id\":\"https:\/\/stg-httpswwwduboischemicalscom-staging.kinsta.cloud\/fr\/service-support\/customer-service\/\",\"url\":\"https:\/\/stg-httpswwwduboischemicalscom-staging.kinsta.cloud\/fr\/service-support\/customer-service\/\",\"name\":\"Service \u00e0 la client\u00e8le - DuBois Chemicals\",\"isPartOf\":{\"@id\":\"https:\/\/stg-httpswwwduboischemicalscom-staging.kinsta.cloud\/fr\/#website\"},\"datePublished\":\"2020-11-24T19:34:50+00:00\",\"dateModified\":\"2021-02-17T10:12:41+00:00\",\"breadcrumb\":{\"@id\":\"https:\/\/stg-httpswwwduboischemicalscom-staging.kinsta.cloud\/fr\/service-support\/customer-service\/#breadcrumb\"},\"inLanguage\":\"fr-FR\",\"potentialAction\":[{\"@type\":\"ReadAction\",\"target\":[\"https:\/\/stg-httpswwwduboischemicalscom-staging.kinsta.cloud\/fr\/service-support\/customer-service\/\"]}]},{\"@type\":\"BreadcrumbList\",\"@id\":\"https:\/\/stg-httpswwwduboischemicalscom-staging.kinsta.cloud\/fr\/service-support\/customer-service\/#breadcrumb\",\"itemListElement\":[{\"@type\":\"ListItem\",\"position\":1,\"name\":\"Accueil\",\"item\":\"https:\/\/stg-httpswwwduboischemicalscom-staging.kinsta.cloud\/fr\/\"},{\"@type\":\"ListItem\",\"position\":2,\"name\":\"Service et soutien\",\"item\":\"https:\/\/stg-httpswwwduboischemicalscom-staging.kinsta.cloud\/fr\/service-support\/\"},{\"@type\":\"ListItem\",\"position\":3,\"name\":\"Service \u00e0 la client\u00e8le\"}]},{\"@type\":\"WebSite\",\"@id\":\"https:\/\/stg-httpswwwduboischemicalscom-staging.kinsta.cloud\/fr\/#website\",\"url\":\"https:\/\/stg-httpswwwduboischemicalscom-staging.kinsta.cloud\/fr\/\",\"name\":\"DuBois Chemicals\",\"description\":\"\",\"potentialAction\":[{\"@type\":\"SearchAction\",\"target\":{\"@type\":\"EntryPoint\",\"urlTemplate\":\"https:\/\/stg-httpswwwduboischemicalscom-staging.kinsta.cloud\/fr\/?s={search_term_string}\"},\"query-input\":{\"@type\":\"PropertyValueSpecification\",\"valueRequired\":true,\"valueName\":\"search_term_string\"}}],\"inLanguage\":\"fr-FR\"}]}<\/script>\n<!-- \/ Yoast SEO plugin. -->","yoast_head_json":{"title":"Service \u00e0 la client\u00e8le - DuBois Chemicals","robots":{"index":"noindex","follow":"follow","max-snippet":"max-snippet:-1","max-image-preview":"max-image-preview:large","max-video-preview":"max-video-preview:-1"},"og_locale":"fr_FR","og_type":"article","og_title":"Service \u00e0 la client\u00e8le - DuBois Chemicals","og_description":"Un engagement \u00e0 fournir le meilleur service possible aux clients Le centre de service \u00e0 la client\u00e8le de DuBois s&rsquo;engage \u00e0 fournir les plus hauts niveaux de service \u00e0 votre entreprise. Que vous passiez une...","og_url":"https:\/\/stg-httpswwwduboischemicalscom-staging.kinsta.cloud\/fr\/service-support\/customer-service\/","og_site_name":"DuBois Chemicals","article_modified_time":"2021-02-17T10:12:41+00:00","twitter_card":"summary_large_image","twitter_misc":{"Dur\u00e9e de lecture estim\u00e9e":"1 minute"},"schema":{"@context":"https:\/\/schema.org","@graph":[{"@type":"WebPage","@id":"https:\/\/stg-httpswwwduboischemicalscom-staging.kinsta.cloud\/fr\/service-support\/customer-service\/","url":"https:\/\/stg-httpswwwduboischemicalscom-staging.kinsta.cloud\/fr\/service-support\/customer-service\/","name":"Service \u00e0 la client\u00e8le - DuBois Chemicals","isPartOf":{"@id":"https:\/\/stg-httpswwwduboischemicalscom-staging.kinsta.cloud\/fr\/#website"},"datePublished":"2020-11-24T19:34:50+00:00","dateModified":"2021-02-17T10:12:41+00:00","breadcrumb":{"@id":"https:\/\/stg-httpswwwduboischemicalscom-staging.kinsta.cloud\/fr\/service-support\/customer-service\/#breadcrumb"},"inLanguage":"fr-FR","potentialAction":[{"@type":"ReadAction","target":["https:\/\/stg-httpswwwduboischemicalscom-staging.kinsta.cloud\/fr\/service-support\/customer-service\/"]}]},{"@type":"BreadcrumbList","@id":"https:\/\/stg-httpswwwduboischemicalscom-staging.kinsta.cloud\/fr\/service-support\/customer-service\/#breadcrumb","itemListElement":[{"@type":"ListItem","position":1,"name":"Accueil","item":"https:\/\/stg-httpswwwduboischemicalscom-staging.kinsta.cloud\/fr\/"},{"@type":"ListItem","position":2,"name":"Service et soutien","item":"https:\/\/stg-httpswwwduboischemicalscom-staging.kinsta.cloud\/fr\/service-support\/"},{"@type":"ListItem","position":3,"name":"Service \u00e0 la client\u00e8le"}]},{"@type":"WebSite","@id":"https:\/\/stg-httpswwwduboischemicalscom-staging.kinsta.cloud\/fr\/#website","url":"https:\/\/stg-httpswwwduboischemicalscom-staging.kinsta.cloud\/fr\/","name":"DuBois Chemicals","description":"","potentialAction":[{"@type":"SearchAction","target":{"@type":"EntryPoint","urlTemplate":"https:\/\/stg-httpswwwduboischemicalscom-staging.kinsta.cloud\/fr\/?s={search_term_string}"},"query-input":{"@type":"PropertyValueSpecification","valueRequired":true,"valueName":"search_term_string"}}],"inLanguage":"fr-FR"}]}},"_links":{"self":[{"href":"https:\/\/stg-httpswwwduboischemicalscom-staging.kinsta.cloud\/fr\/wp-json\/wp\/v2\/pages\/15776","targetHints":{"allow":["GET"]}}],"collection":[{"href":"https:\/\/stg-httpswwwduboischemicalscom-staging.kinsta.cloud\/fr\/wp-json\/wp\/v2\/pages"}],"about":[{"href":"https:\/\/stg-httpswwwduboischemicalscom-staging.kinsta.cloud\/fr\/wp-json\/wp\/v2\/types\/page"}],"author":[{"embeddable":true,"href":"https:\/\/stg-httpswwwduboischemicalscom-staging.kinsta.cloud\/fr\/wp-json\/wp\/v2\/users\/220"}],"replies":[{"embeddable":true,"href":"https:\/\/stg-httpswwwduboischemicalscom-staging.kinsta.cloud\/fr\/wp-json\/wp\/v2\/comments?post=15776"}],"version-history":[{"count":2,"href":"https:\/\/stg-httpswwwduboischemicalscom-staging.kinsta.cloud\/fr\/wp-json\/wp\/v2\/pages\/15776\/revisions"}],"predecessor-version":[{"id":17690,"href":"https:\/\/stg-httpswwwduboischemicalscom-staging.kinsta.cloud\/fr\/wp-json\/wp\/v2\/pages\/15776\/revisions\/17690"}],"up":[{"embeddable":true,"href":"https:\/\/stg-httpswwwduboischemicalscom-staging.kinsta.cloud\/fr\/wp-json\/wp\/v2\/pages\/15775"}],"wp:attachment":[{"href":"https:\/\/stg-httpswwwduboischemicalscom-staging.kinsta.cloud\/fr\/wp-json\/wp\/v2\/media?parent=15776"}],"curies":[{"name":"wp","href":"https:\/\/api.w.org\/{rel}","templated":true}]}}