{"id":15771,"date":"2018-10-01T17:39:42","date_gmt":"2018-10-01T21:39:42","guid":{"rendered":"https:\/\/stg-httpswwwduboischemicalscom-staging.kinsta.cloud\/\/wire-tube\/"},"modified":"2021-02-26T10:15:02","modified_gmt":"2021-02-26T15:15:02","slug":"wire-tube","status":"publish","type":"page","link":"https:\/\/stg-httpswwwduboischemicalscom-staging.kinsta.cloud\/fr\/industries\/wire-tube\/","title":{"rendered":"Fils et tubes"},"content":{"rendered":"<h2>Rev\u00eatements et lubrifiants de haute performance pour les fabricants de fils et de tubes<\/h2>\n<p>Le fil d&rsquo;acier est utilis\u00e9 pour cr\u00e9er les attaches qui unissent les parties de notre monde, et les tubes d&rsquo;acier nous permettent d&rsquo;extraire l&rsquo;\u00e9nergie de la terre et de fournir des liquides vitaux.<span data-ccp-props=\"{&quot;201341983&quot;:0,&quot;335559739&quot;:200,&quot;335559740&quot;:240}\">\u00a0<\/span><\/p>\n<p>Que vous produisiez des tubes soud\u00e9s ou sans soudure, DuBois sait que vos vitesses d\u2019\u00e9tirage doivent \u00eatre maximis\u00e9es pour atteindre vos objectifs de production. Les ondulations dues au broutage et les \u00e9raflures int\u00e9rieures sont inacceptables lorsque vous essayez d&rsquo;atteindre les tol\u00e9rances de paroi et les sp\u00e9cifications de lissage de surface de votre client.\u00a0\u00a0<span data-ccp-props=\"{&quot;134233118&quot;:true,&quot;201341983&quot;:0,&quot;335559739&quot;:200,&quot;335559740&quot;:240}\">\u00a0<\/span><\/p>\n<p>Les rev\u00eatements et les lubrifiants de DuBois prot\u00e8gent votre outillage contre l&rsquo;usure excessive, ce qui permet de r\u00e9duire le nombre de changements de matrices et de minimiser les temps d&rsquo;arr\u00eat. Ils fournissent le poids de rev\u00eatement, la structure cristalline et le pouvoir lubrifiant n\u00e9cessaires pour respecter vos tol\u00e9rances dimensionnelles et physiques.<span data-ccp-props=\"{&quot;134233118&quot;:true,&quot;201341983&quot;:0,&quot;335559739&quot;:200,&quot;335559740&quot;:240}\">\u00a0<\/span><\/p>\n<p>Les bains de phosphate de zinc DuBois sont faciles \u00e0 d\u00e9marrer et \u00e0 utiliser; ils produisent des pi\u00e8ces de qualit\u00e9 constante apr\u00e8s une production intensive et apr\u00e8s des p\u00e9riodes d&rsquo;inactivit\u00e9. Vous pouvez compter sur nos bains pour produire de bonnes pi\u00e8ces apr\u00e8s un long week-end, ce qui vous assure la tranquillit\u00e9 d&rsquo;esprit. DuBois ne fait aucun compromis lors de l&rsquo;achat de mati\u00e8res premi\u00e8res; nous utilisons des lubrifiants de la plus haute qualit\u00e9 qui r\u00e9sistent aux contaminants et restent r\u00e9actifs, ce qui assure la long\u00e9vit\u00e9 des bains.<span data-ccp-props=\"{&quot;134233118&quot;:true,&quot;201341983&quot;:0,&quot;335559739&quot;:200,&quot;335559740&quot;:240}\">\u00a0<\/span><\/p>\n<p>La gamme compl\u00e8te et performante de produits DuBois pour l\u2019\u00e9tirage de tube, le tr\u00e9filage ou l&rsquo;extrusion \u00e0 froid offre des avantages consid\u00e9rables et garantit un d\u00e9roulement ininterrompu du processus. Notre exp\u00e9rience des applications et les acquisitions de Heatbath et de Century Chemical font de nous votre partenaire de choix.<span data-ccp-props=\"{&quot;201341983&quot;:0,&quot;335559739&quot;:300,&quot;335559740&quot;:240}\">\u00a0<\/span><\/p>\n<p>Nos produits sont con\u00e7us pour r\u00e9pondre aux normes de qualit\u00e9 les plus strictes dans les applications suivantes\u00a0:<span data-ccp-props=\"{&quot;134233118&quot;:true,&quot;201341983&quot;:0,&quot;335559739&quot;:200,&quot;335559740&quot;:240}\">\u00a0<\/span><\/p>\n<ul>\n<li data-leveltext=\"\uf0b7\" data-font=\"Symbol\" data-listid=\"6\" aria-setsize=\"-1\" data-aria-posinset=\"1\" data-aria-level=\"1\">A\u00e9rospatiale<span data-ccp-props=\"{&quot;134233279&quot;:true,&quot;201341983&quot;:0,&quot;335559739&quot;:200,&quot;335559740&quot;:240}\">\u00a0<\/span><\/li>\n<li data-leveltext=\"\uf0b7\" data-font=\"Symbol\" data-listid=\"6\" aria-setsize=\"-1\" data-aria-posinset=\"2\" data-aria-level=\"1\">Automobile<span data-ccp-props=\"{&quot;134233279&quot;:true,&quot;201341983&quot;:0,&quot;335559739&quot;:200,&quot;335559740&quot;:240}\">\u00a0<\/span><\/li>\n<li data-leveltext=\"\uf0b7\" data-font=\"Symbol\" data-listid=\"6\" aria-setsize=\"-1\" data-aria-posinset=\"3\" data-aria-level=\"1\">Attaches<span data-ccp-props=\"{&quot;134233279&quot;:true,&quot;201341983&quot;:0,&quot;335559739&quot;:200,&quot;335559740&quot;:240}\">\u00a0<\/span><\/li>\n<li data-leveltext=\"\uf0b7\" data-font=\"Symbol\" data-listid=\"6\" aria-setsize=\"-1\" data-aria-posinset=\"3\" data-aria-level=\"1\">M\u00e9canique<span data-ccp-props=\"{&quot;134233279&quot;:true,&quot;201341983&quot;:0,&quot;335559739&quot;:200,&quot;335559740&quot;:240}\">\u00a0<\/span><\/li>\n<li data-leveltext=\"\uf0b7\" data-font=\"Symbol\" data-listid=\"6\" aria-setsize=\"-1\" data-aria-posinset=\"3\" data-aria-level=\"1\">Forces arm\u00e9es et mat\u00e9riel<span data-ccp-props=\"{&quot;134233279&quot;:true,&quot;201341983&quot;:0,&quot;335559739&quot;:200,&quot;335559740&quot;:240}\">\u00a0<\/span><\/li>\n<li data-leveltext=\"\uf0b7\" data-font=\"Symbol\" data-listid=\"6\" aria-setsize=\"-1\" data-aria-posinset=\"3\" data-aria-level=\"1\">P\u00e9trole et gaz<span data-ccp-props=\"{&quot;134233279&quot;:true,&quot;201341983&quot;:0,&quot;335559739&quot;:200,&quot;335559740&quot;:240}\">\u00a0<\/span><\/li>\n<li data-leveltext=\"\uf0b7\" data-font=\"Symbol\" data-listid=\"6\" aria-setsize=\"-1\" data-aria-posinset=\"3\" data-aria-level=\"1\">Articles de sport<span data-ccp-props=\"{&quot;134233279&quot;:true,&quot;201341983&quot;:0,&quot;335559739&quot;:200,&quot;335559740&quot;:240}\">\u00a0<\/span><\/li>\n<\/ul>\n<p><b>Produits <\/b><b>et technologies<\/b><span data-ccp-props=\"{&quot;201341983&quot;:0,&quot;335559739&quot;:150,&quot;335559740&quot;:240}\">\u00a0<\/span><\/p>\n<ul>\n<li data-leveltext=\"\uf0b7\" data-font=\"Symbol\" data-listid=\"4\" aria-setsize=\"-1\" data-aria-posinset=\"1\" data-aria-level=\"1\"><a href=\"http:\/\/stg-httpswwwduboischemicalscom-staging.kinsta.cloud\/\/manufacturing\/products\/industrial-cleaners\/vibratory-and-mass-finishing\/\">Nettoyants industriels<\/a><\/li>\n<li data-leveltext=\"\uf0b7\" data-font=\"Symbol\" data-listid=\"4\" aria-setsize=\"-1\" data-aria-posinset=\"2\" data-aria-level=\"1\"><a href=\"http:\/\/stg-httpswwwduboischemicalscom-staging.kinsta.cloud\/\/manufacturing\/products\/industrial-cleaners\/acid-pickling-and-derusting\/\">D\u00e9capage et d\u00e9tartrage \u00e0 l&rsquo;acide<\/a><\/li>\n<li data-leveltext=\"\uf0b7\" data-font=\"Symbol\" data-listid=\"4\" aria-setsize=\"-1\" data-aria-posinset=\"3\" data-aria-level=\"1\"><a href=\"http:\/\/stg-httpswwwduboischemicalscom-staging.kinsta.cloud\/\/manufacturing\/products\/cold-forming-wire-tube\/heavy-zinc-phosphate-coatings\/\">Phosphate de zinc lourd<\/a>\u00a0<span data-ccp-props=\"{&quot;201341983&quot;:0,&quot;335559685&quot;:450,&quot;335559739&quot;:200,&quot;335559740&quot;:240}\">\u00a0<\/span><\/li>\n<li data-leveltext=\"\uf0b7\" data-font=\"Symbol\" data-listid=\"4\" aria-setsize=\"-1\" data-aria-posinset=\"4\" data-aria-level=\"1\"><a href=\"http:\/\/stg-httpswwwduboischemicalscom-staging.kinsta.cloud\/\/manufacturing\/products\/cold-forming-wire-tube\/lubricants\/\">Lubrifiants<\/a><span data-ccp-props=\"{&quot;201341983&quot;:0,&quot;335559685&quot;:450,&quot;335559739&quot;:200,&quot;335559740&quot;:240}\">\u00a0<\/span><\/li>\n<li data-leveltext=\"\uf0b7\" data-font=\"Symbol\" data-listid=\"4\" aria-setsize=\"-1\" data-aria-posinset=\"4\" data-aria-level=\"1\"><a href=\"http:\/\/stg-httpswwwduboischemicalscom-staging.kinsta.cloud\/\/manufacturing\/products\/rust-preventives\/\">Antirouilles<\/a><span data-ccp-props=\"{&quot;201341983&quot;:0,&quot;335559685&quot;:450,&quot;335559739&quot;:200,&quot;335559740&quot;:240}\">\u00a0<\/span><\/li>\n<li data-leveltext=\"\uf0b7\" data-font=\"Symbol\" data-listid=\"4\" aria-setsize=\"-1\" data-aria-posinset=\"4\" data-aria-level=\"1\"><a href=\"http:\/\/stg-httpswwwduboischemicalscom-staging.kinsta.cloud\/\/manufacturing\/products\/facility-maintenance-cleaners\/\">Nettoyants pour l\u2019entretien des installations<\/a>\u00a0<span data-ccp-props=\"{&quot;201341983&quot;:0,&quot;335559685&quot;:450,&quot;335559739&quot;:200,&quot;335559740&quot;:240}\">\u00a0<\/span><\/li>\n<li data-leveltext=\"\uf0b7\" data-font=\"Symbol\" data-listid=\"4\" aria-setsize=\"-1\" data-aria-posinset=\"4\" data-aria-level=\"1\"><a href=\"http:\/\/stg-httpswwwduboischemicalscom-staging.kinsta.cloud\/\/water-treatment\/\">Traitement de l\u2019eau et des d\u00e9chets<\/a><\/li>\n<\/ul>\n","protected":false},"excerpt":{"rendered":"<p>Rev\u00eatements et lubrifiants de haute performance pour les fabricants de fils et de tubes Le fil d&rsquo;acier est utilis\u00e9 pour cr\u00e9er les attaches qui unissent les parties de notre monde, et les tubes d&rsquo;acier nous&#8230;<\/p>\n","protected":false},"author":220,"featured_media":0,"parent":15833,"menu_order":9,"comment_status":"closed","ping_status":"closed","template":"","meta":{"_acf_changed":false,"footnotes":""},"class_list":["post-15771","page","type-page","status-publish","hentry"],"acf":[],"yoast_head":"<!-- This site is optimized with the Yoast SEO plugin v26.8 - https:\/\/yoast.com\/product\/yoast-seo-wordpress\/ -->\n<title>Fils et tubes - DuBois Chemicals<\/title>\n<meta name=\"robots\" content=\"noindex, follow, max-snippet:-1, max-image-preview:large, max-video-preview:-1\" \/>\n<meta property=\"og:locale\" content=\"fr_FR\" \/>\n<meta property=\"og:type\" content=\"article\" \/>\n<meta property=\"og:title\" content=\"Fils et tubes - DuBois Chemicals\" \/>\n<meta property=\"og:description\" content=\"Rev\u00eatements et lubrifiants de haute performance pour les fabricants de fils et de tubes Le fil d&rsquo;acier est utilis\u00e9 pour cr\u00e9er les attaches qui unissent les parties de notre monde, et les tubes d&rsquo;acier nous...\" \/>\n<meta property=\"og:url\" content=\"https:\/\/stg-httpswwwduboischemicalscom-staging.kinsta.cloud\/fr\/industries\/wire-tube\/\" \/>\n<meta property=\"og:site_name\" content=\"DuBois Chemicals\" \/>\n<meta property=\"article:modified_time\" content=\"2021-02-26T15:15:02+00:00\" \/>\n<meta name=\"twitter:card\" content=\"summary_large_image\" \/>\n<meta name=\"twitter:label1\" content=\"Dur\u00e9e de lecture estim\u00e9e\" \/>\n\t<meta name=\"twitter:data1\" content=\"2 minutes\" \/>\n<script type=\"application\/ld+json\" class=\"yoast-schema-graph\">{\"@context\":\"https:\/\/schema.org\",\"@graph\":[{\"@type\":\"WebPage\",\"@id\":\"https:\/\/stg-httpswwwduboischemicalscom-staging.kinsta.cloud\/fr\/industries\/wire-tube\/\",\"url\":\"https:\/\/stg-httpswwwduboischemicalscom-staging.kinsta.cloud\/fr\/industries\/wire-tube\/\",\"name\":\"Fils et tubes - DuBois Chemicals\",\"isPartOf\":{\"@id\":\"https:\/\/stg-httpswwwduboischemicalscom-staging.kinsta.cloud\/fr\/#website\"},\"datePublished\":\"2018-10-01T21:39:42+00:00\",\"dateModified\":\"2021-02-26T15:15:02+00:00\",\"breadcrumb\":{\"@id\":\"https:\/\/stg-httpswwwduboischemicalscom-staging.kinsta.cloud\/fr\/industries\/wire-tube\/#breadcrumb\"},\"inLanguage\":\"fr-FR\",\"potentialAction\":[{\"@type\":\"ReadAction\",\"target\":[\"https:\/\/stg-httpswwwduboischemicalscom-staging.kinsta.cloud\/fr\/industries\/wire-tube\/\"]}]},{\"@type\":\"BreadcrumbList\",\"@id\":\"https:\/\/stg-httpswwwduboischemicalscom-staging.kinsta.cloud\/fr\/industries\/wire-tube\/#breadcrumb\",\"itemListElement\":[{\"@type\":\"ListItem\",\"position\":1,\"name\":\"Accueil\",\"item\":\"https:\/\/stg-httpswwwduboischemicalscom-staging.kinsta.cloud\/fr\/\"},{\"@type\":\"ListItem\",\"position\":2,\"name\":\"Industries\",\"item\":\"https:\/\/stg-httpswwwduboischemicalscom-staging.kinsta.cloud\/fr\/industries\/\"},{\"@type\":\"ListItem\",\"position\":3,\"name\":\"Fils et tubes\"}]},{\"@type\":\"WebSite\",\"@id\":\"https:\/\/stg-httpswwwduboischemicalscom-staging.kinsta.cloud\/fr\/#website\",\"url\":\"https:\/\/stg-httpswwwduboischemicalscom-staging.kinsta.cloud\/fr\/\",\"name\":\"DuBois Chemicals\",\"description\":\"\",\"potentialAction\":[{\"@type\":\"SearchAction\",\"target\":{\"@type\":\"EntryPoint\",\"urlTemplate\":\"https:\/\/stg-httpswwwduboischemicalscom-staging.kinsta.cloud\/fr\/?s={search_term_string}\"},\"query-input\":{\"@type\":\"PropertyValueSpecification\",\"valueRequired\":true,\"valueName\":\"search_term_string\"}}],\"inLanguage\":\"fr-FR\"}]}<\/script>\n<!-- \/ Yoast SEO plugin. -->","yoast_head_json":{"title":"Fils et tubes - DuBois Chemicals","robots":{"index":"noindex","follow":"follow","max-snippet":"max-snippet:-1","max-image-preview":"max-image-preview:large","max-video-preview":"max-video-preview:-1"},"og_locale":"fr_FR","og_type":"article","og_title":"Fils et tubes - DuBois Chemicals","og_description":"Rev\u00eatements et lubrifiants de haute performance pour les fabricants de fils et de tubes Le fil d&rsquo;acier est utilis\u00e9 pour cr\u00e9er les attaches qui unissent les parties de notre monde, et les tubes d&rsquo;acier nous...","og_url":"https:\/\/stg-httpswwwduboischemicalscom-staging.kinsta.cloud\/fr\/industries\/wire-tube\/","og_site_name":"DuBois Chemicals","article_modified_time":"2021-02-26T15:15:02+00:00","twitter_card":"summary_large_image","twitter_misc":{"Dur\u00e9e de lecture estim\u00e9e":"2 minutes"},"schema":{"@context":"https:\/\/schema.org","@graph":[{"@type":"WebPage","@id":"https:\/\/stg-httpswwwduboischemicalscom-staging.kinsta.cloud\/fr\/industries\/wire-tube\/","url":"https:\/\/stg-httpswwwduboischemicalscom-staging.kinsta.cloud\/fr\/industries\/wire-tube\/","name":"Fils et tubes - DuBois Chemicals","isPartOf":{"@id":"https:\/\/stg-httpswwwduboischemicalscom-staging.kinsta.cloud\/fr\/#website"},"datePublished":"2018-10-01T21:39:42+00:00","dateModified":"2021-02-26T15:15:02+00:00","breadcrumb":{"@id":"https:\/\/stg-httpswwwduboischemicalscom-staging.kinsta.cloud\/fr\/industries\/wire-tube\/#breadcrumb"},"inLanguage":"fr-FR","potentialAction":[{"@type":"ReadAction","target":["https:\/\/stg-httpswwwduboischemicalscom-staging.kinsta.cloud\/fr\/industries\/wire-tube\/"]}]},{"@type":"BreadcrumbList","@id":"https:\/\/stg-httpswwwduboischemicalscom-staging.kinsta.cloud\/fr\/industries\/wire-tube\/#breadcrumb","itemListElement":[{"@type":"ListItem","position":1,"name":"Accueil","item":"https:\/\/stg-httpswwwduboischemicalscom-staging.kinsta.cloud\/fr\/"},{"@type":"ListItem","position":2,"name":"Industries","item":"https:\/\/stg-httpswwwduboischemicalscom-staging.kinsta.cloud\/fr\/industries\/"},{"@type":"ListItem","position":3,"name":"Fils et tubes"}]},{"@type":"WebSite","@id":"https:\/\/stg-httpswwwduboischemicalscom-staging.kinsta.cloud\/fr\/#website","url":"https:\/\/stg-httpswwwduboischemicalscom-staging.kinsta.cloud\/fr\/","name":"DuBois Chemicals","description":"","potentialAction":[{"@type":"SearchAction","target":{"@type":"EntryPoint","urlTemplate":"https:\/\/stg-httpswwwduboischemicalscom-staging.kinsta.cloud\/fr\/?s={search_term_string}"},"query-input":{"@type":"PropertyValueSpecification","valueRequired":true,"valueName":"search_term_string"}}],"inLanguage":"fr-FR"}]}},"_links":{"self":[{"href":"https:\/\/stg-httpswwwduboischemicalscom-staging.kinsta.cloud\/fr\/wp-json\/wp\/v2\/pages\/15771","targetHints":{"allow":["GET"]}}],"collection":[{"href":"https:\/\/stg-httpswwwduboischemicalscom-staging.kinsta.cloud\/fr\/wp-json\/wp\/v2\/pages"}],"about":[{"href":"https:\/\/stg-httpswwwduboischemicalscom-staging.kinsta.cloud\/fr\/wp-json\/wp\/v2\/types\/page"}],"author":[{"embeddable":true,"href":"https:\/\/stg-httpswwwduboischemicalscom-staging.kinsta.cloud\/fr\/wp-json\/wp\/v2\/users\/220"}],"replies":[{"embeddable":true,"href":"https:\/\/stg-httpswwwduboischemicalscom-staging.kinsta.cloud\/fr\/wp-json\/wp\/v2\/comments?post=15771"}],"version-history":[{"count":5,"href":"https:\/\/stg-httpswwwduboischemicalscom-staging.kinsta.cloud\/fr\/wp-json\/wp\/v2\/pages\/15771\/revisions"}],"predecessor-version":[{"id":19289,"href":"https:\/\/stg-httpswwwduboischemicalscom-staging.kinsta.cloud\/fr\/wp-json\/wp\/v2\/pages\/15771\/revisions\/19289"}],"up":[{"embeddable":true,"href":"https:\/\/stg-httpswwwduboischemicalscom-staging.kinsta.cloud\/fr\/wp-json\/wp\/v2\/pages\/15833"}],"wp:attachment":[{"href":"https:\/\/stg-httpswwwduboischemicalscom-staging.kinsta.cloud\/fr\/wp-json\/wp\/v2\/media?parent=15771"}],"curies":[{"name":"wp","href":"https:\/\/api.w.org\/{rel}","templated":true}]}}